{"id":2981,"date":"2023-01-20T11:19:27","date_gmt":"2023-01-20T10:19:27","guid":{"rendered":"https:\/\/camillemarty-naturopathie.fr\/?page_id=2981"},"modified":"2024-05-20T16:59:53","modified_gmt":"2024-05-20T14:59:53","slug":"mentions-legales","status":"publish","type":"page","link":"https:\/\/camillemarty-naturopathie.fr\/index.php\/mentions-legales\/","title":{"rendered":"Mentions l\u00e9gales"},"content":{"rendered":"\t\t<div data-elementor-type=\"wp-page\" data-elementor-id=\"2981\" class=\"elementor elementor-2981\">\n\t\t\t\t\t\t<section class=\"elementor-section elementor-top-section elementor-element elementor-element-22fa2cf elementor-section-height-min-height elementor-section-boxed elementor-section-height-default elementor-section-items-middle wpr-particle-no wpr-jarallax-no wpr-parallax-no wpr-sticky-section-no wpr-equal-height-no\" data-id=\"22fa2cf\" data-element_type=\"section\" data-e-type=\"section\" data-settings=\"{&quot;background_background&quot;:&quot;classic&quot;}\">\n\t\t\t\t\t\t\t<div class=\"elementor-background-overlay\"><\/div>\n\t\t\t\t\t\t\t<div class=\"elementor-container elementor-column-gap-default\">\n\t\t\t\t\t<div class=\"elementor-column elementor-col-100 elementor-top-column elementor-element elementor-element-ca8c89f\" data-id=\"ca8c89f\" data-element_type=\"column\" data-e-type=\"column\">\n\t\t\t<div class=\"elementor-widget-wrap elementor-element-populated\">\n\t\t\t\t\t\t<div class=\"elementor-element elementor-element-efef13f elementor-widget elementor-widget-heading\" data-id=\"efef13f\" data-element_type=\"widget\" data-e-type=\"widget\" data-widget_type=\"heading.default\">\n\t\t\t\t<div class=\"elementor-widget-container\">\n\t\t\t\t\t<h2 class=\"elementor-heading-title elementor-size-default\">Mentions l\u00e9gales<\/h2>\t\t\t\t<\/div>\n\t\t\t\t<\/div>\n\t\t\t\t\t<\/div>\n\t\t<\/div>\n\t\t\t\t\t<\/div>\n\t\t<\/section>\n\t\t\t\t<section class=\"elementor-section elementor-top-section elementor-element elementor-element-99d2034 elementor-section-boxed elementor-section-height-default elementor-section-height-default wpr-particle-no wpr-jarallax-no wpr-parallax-no wpr-sticky-section-no wpr-equal-height-no\" data-id=\"99d2034\" data-element_type=\"section\" data-e-type=\"section\">\n\t\t\t\t\t\t<div class=\"elementor-container elementor-column-gap-default\">\n\t\t\t\t\t<div class=\"elementor-column elementor-col-100 elementor-top-column elementor-element elementor-element-9ff5d38\" data-id=\"9ff5d38\" data-element_type=\"column\" data-e-type=\"column\">\n\t\t\t<div class=\"elementor-widget-wrap elementor-element-populated\">\n\t\t\t\t\t\t<div class=\"elementor-element elementor-element-a1c91cf elementor-widget elementor-widget-spacer\" data-id=\"a1c91cf\" data-element_type=\"widget\" data-e-type=\"widget\" data-widget_type=\"spacer.default\">\n\t\t\t\t<div class=\"elementor-widget-container\">\n\t\t\t\t\t\t\t<div class=\"elementor-spacer\">\n\t\t\t<div class=\"elementor-spacer-inner\"><\/div>\n\t\t<\/div>\n\t\t\t\t\t\t<\/div>\n\t\t\t\t<\/div>\n\t\t\t\t<div class=\"elementor-element elementor-element-dc6f4d6 elementor-widget elementor-widget-heading\" data-id=\"dc6f4d6\" data-element_type=\"widget\" data-e-type=\"widget\" data-widget_type=\"heading.default\">\n\t\t\t\t<div class=\"elementor-widget-container\">\n\t\t\t\t\t<h4 class=\"elementor-heading-title elementor-size-default\">Editeur du site<\/h4>\t\t\t\t<\/div>\n\t\t\t\t<\/div>\n\t\t\t\t<div class=\"elementor-element elementor-element-7a37ffe elementor-widget elementor-widget-text-editor\" data-id=\"7a37ffe\" data-element_type=\"widget\" data-e-type=\"widget\" data-widget_type=\"text-editor.default\">\n\t\t\t\t<div class=\"elementor-widget-container\">\n\t\t\t\t\t\t\t\t\t<p style=\"font-weight: 400;\"><span style=\"color: var( --e-global-color-text ); font-family: var( --e-global-typography-text-font-family ), Sans-serif; font-size: 1rem;\">Le site web intitul\u00e9 Camille Marty Naturopathie est accessible depuis l\u2019adresse <\/span><a style=\"font-family: var( --e-global-typography-text-font-family ), Sans-serif; font-size: 1rem;\" href=\"https:\/\/camillemarty-naturopathie.fr\/\">https:\/\/camillemarty-naturopathie.fr<\/a><span style=\"color: var( --e-global-color-text ); font-family: var( --e-global-typography-text-font-family ), Sans-serif; font-size: 1rem;\">.<\/span><\/p><p style=\"font-weight: 400;\">Ce site est \u00e9dit\u00e9 par l\u2019entreprise individuelle Camille Marty Naturopathie dont le si\u00e8ge social est situ\u00e9 rue neuve, 12170, La Selve. Entreprise individuelle repr\u00e9sent\u00e9e par Camille Marty et enregistr\u00e9e sous le SIRET num\u00e9ro 914 111 968 00014.<\/p><p>Ce site fut r\u00e9alis\u00e9 sous WordPress par <a href=\"https:\/\/j-sevinduret.myportfolio.com\">Jeanne Design,<\/a>\u00a0entreprise individuelle en graphisme et webdesign repr\u00e9sent\u00e9e par Jeanne Sevin-Duret et enregistr\u00e9e sous le SIRET\u00a0887 593 374 00010.<\/p>\t\t\t\t\t\t\t\t<\/div>\n\t\t\t\t<\/div>\n\t\t\t\t<div class=\"elementor-element elementor-element-c8ec3a0 elementor-widget elementor-widget-heading\" data-id=\"c8ec3a0\" data-element_type=\"widget\" data-e-type=\"widget\" data-widget_type=\"heading.default\">\n\t\t\t\t<div class=\"elementor-widget-container\">\n\t\t\t\t\t<h4 class=\"elementor-heading-title elementor-size-default\">Responsable de publication<\/h4>\t\t\t\t<\/div>\n\t\t\t\t<\/div>\n\t\t\t\t<div class=\"elementor-element elementor-element-57e1d2f elementor-widget elementor-widget-text-editor\" data-id=\"57e1d2f\" data-element_type=\"widget\" data-e-type=\"widget\" data-widget_type=\"text-editor.default\">\n\t\t\t\t<div class=\"elementor-widget-container\">\n\t\t\t\t\t\t\t\t\t<p>La responsable de publication du site web est Camille Marty.<br \/>Mail\u00a0: <a href=\"mailto:camille.marty91@gmail.com\">camille.marty91@gmail.com<\/a><br \/>T\u00e9l\u00e9phone\u00a0: 06 17 52 43 33<\/p>\t\t\t\t\t\t\t\t<\/div>\n\t\t\t\t<\/div>\n\t\t\t\t<div class=\"elementor-element elementor-element-802b357 elementor-widget elementor-widget-heading\" data-id=\"802b357\" data-element_type=\"widget\" data-e-type=\"widget\" data-widget_type=\"heading.default\">\n\t\t\t\t<div class=\"elementor-widget-container\">\n\t\t\t\t\t<h4 class=\"elementor-heading-title elementor-size-default\">H\u00e9bergement du site\u00a0<\/h4>\t\t\t\t<\/div>\n\t\t\t\t<\/div>\n\t\t\t\t<div class=\"elementor-element elementor-element-0190992 elementor-widget elementor-widget-text-editor\" data-id=\"0190992\" data-element_type=\"widget\" data-e-type=\"widget\" data-widget_type=\"text-editor.default\">\n\t\t\t\t<div class=\"elementor-widget-container\">\n\t\t\t\t\t\t\t\t\t<p>Le site web est h\u00e9berg\u00e9 par OVH, SAS au capital de 500 000 \u20ac, dont le si\u00e8ge social est 2 rue Kellermann, 59100, Roubaix. Immatricul\u00e9e au Registre du Commerce et des Soci\u00e9t\u00e9s de Roubaix \u2013 Tourcoing, sous le num\u00e9ro de SIRET 424 761 419 00011.<\/p>\t\t\t\t\t\t\t\t<\/div>\n\t\t\t\t<\/div>\n\t\t\t\t\t<\/div>\n\t\t<\/div>\n\t\t\t\t\t<\/div>\n\t\t<\/section>\n\t\t\t\t<\/div>\n\t\t","protected":false},"excerpt":{"rendered":"<p>Mentions l\u00e9gales Editeur du site Le site web intitul\u00e9 Camille Marty Naturopathie est accessible depuis l\u2019adresse https:\/\/camillemarty-naturopathie.fr. Ce site est \u00e9dit\u00e9 par l\u2019entreprise individuelle Camille Marty Naturopathie dont le si\u00e8ge social est situ\u00e9 rue neuve, 12170, La Selve. Entreprise individuelle repr\u00e9sent\u00e9e par Camille Marty et enregistr\u00e9e sous le SIRET num\u00e9ro 914 111 968 00014. Ce site fut r\u00e9alis\u00e9 sous WordPress par Jeanne Design,\u00a0entreprise individuelle en graphisme et webdesign repr\u00e9sent\u00e9e par Jeanne Sevin-Duret et enregistr\u00e9e sous le SIRET\u00a0887 593 374 00010. Responsable de publication La responsable de publication du site web est Camille Marty.Mail\u00a0: camille.marty91@gmail.comT\u00e9l\u00e9phone\u00a0: 06 17 52 43 33 H\u00e9bergement du site\u00a0 Le site web est h\u00e9berg\u00e9 par OVH, SAS au capital de 500 000 \u20ac, dont le si\u00e8ge social est 2 rue Kellermann, 59100, Roubaix. Immatricul\u00e9e au Registre du Commerce et des Soci\u00e9t\u00e9s de Roubaix \u2013 Tourcoing, sous le num\u00e9ro de SIRET 424 761 419 00011.<\/p>\n","protected":false},"author":2,"featured_media":0,"parent":0,"menu_order":0,"comment_status":"closed","ping_status":"closed","template":"","meta":{"footnotes":""},"class_list":["post-2981","page","type-page","status-publish","hentry"],"yoast_head":"<!-- This site is optimized with the Yoast SEO plugin v27.4 - https:\/\/yoast.com\/product\/yoast-seo-wordpress\/ -->\n<title>Mentions l\u00e9gales - Camille Marty Naturopathie<\/title>\n<meta name=\"description\" content=\"Mentions l\u00e9gales Camille Marty Naturopathie, naturopathe sur Millau\" \/>\n<meta name=\"robots\" content=\"index, follow, max-snippet:-1, max-image-preview:large, max-video-preview:-1\" \/>\n<link rel=\"canonical\" href=\"https:\/\/camillemarty-naturopathie.fr\/index.php\/mentions-legales\/\" \/>\n<meta property=\"og:locale\" content=\"fr_FR\" \/>\n<meta property=\"og:type\" content=\"article\" \/>\n<meta property=\"og:title\" content=\"Mentions l\u00e9gales - Camille Marty Naturopathie\" \/>\n<meta property=\"og:description\" content=\"Mentions l\u00e9gales Camille Marty Naturopathie, naturopathe sur Millau\" \/>\n<meta property=\"og:url\" content=\"https:\/\/camillemarty-naturopathie.fr\/index.php\/mentions-legales\/\" \/>\n<meta property=\"og:site_name\" content=\"Camille Marty Naturopathie\" \/>\n<meta property=\"article:modified_time\" content=\"2024-05-20T14:59:53+00:00\" \/>\n<meta name=\"twitter:card\" content=\"summary_large_image\" \/>\n<meta name=\"twitter:label1\" content=\"Dur\u00e9e de lecture estim\u00e9e\" \/>\n\t<meta name=\"twitter:data1\" content=\"1 minute\" \/>\n<script type=\"application\/ld+json\" class=\"yoast-schema-graph\">{\"@context\":\"https:\\\/\\\/schema.org\",\"@graph\":[{\"@type\":\"WebPage\",\"@id\":\"https:\\\/\\\/camillemarty-naturopathie.fr\\\/index.php\\\/mentions-legales\\\/\",\"url\":\"https:\\\/\\\/camillemarty-naturopathie.fr\\\/index.php\\\/mentions-legales\\\/\",\"name\":\"Mentions l\u00e9gales - Camille Marty Naturopathie\",\"isPartOf\":{\"@id\":\"https:\\\/\\\/camillemarty-naturopathie.fr\\\/#website\"},\"datePublished\":\"2023-01-20T10:19:27+00:00\",\"dateModified\":\"2024-05-20T14:59:53+00:00\",\"description\":\"Mentions l\u00e9gales Camille Marty Naturopathie, naturopathe sur Millau\",\"breadcrumb\":{\"@id\":\"https:\\\/\\\/camillemarty-naturopathie.fr\\\/index.php\\\/mentions-legales\\\/#breadcrumb\"},\"inLanguage\":\"fr-FR\",\"potentialAction\":[{\"@type\":\"ReadAction\",\"target\":[\"https:\\\/\\\/camillemarty-naturopathie.fr\\\/index.php\\\/mentions-legales\\\/\"]}]},{\"@type\":\"BreadcrumbList\",\"@id\":\"https:\\\/\\\/camillemarty-naturopathie.fr\\\/index.php\\\/mentions-legales\\\/#breadcrumb\",\"itemListElement\":[{\"@type\":\"ListItem\",\"position\":1,\"name\":\"Accueil\",\"item\":\"https:\\\/\\\/camillemarty-naturopathie.fr\\\/\"},{\"@type\":\"ListItem\",\"position\":2,\"name\":\"Mentions l\u00e9gales\"}]},{\"@type\":\"WebSite\",\"@id\":\"https:\\\/\\\/camillemarty-naturopathie.fr\\\/#website\",\"url\":\"https:\\\/\\\/camillemarty-naturopathie.fr\\\/\",\"name\":\"Camille Marty Naturopathie\",\"description\":\"Une alliance th\u00e9rapeutique pour votre bien-\u00eatre\",\"publisher\":{\"@id\":\"https:\\\/\\\/camillemarty-naturopathie.fr\\\/#\\\/schema\\\/person\\\/32fd0619b2d93ef899141f8c658e5f56\"},\"potentialAction\":[{\"@type\":\"SearchAction\",\"target\":{\"@type\":\"EntryPoint\",\"urlTemplate\":\"https:\\\/\\\/camillemarty-naturopathie.fr\\\/?s={search_term_string}\"},\"query-input\":{\"@type\":\"PropertyValueSpecification\",\"valueRequired\":true,\"valueName\":\"search_term_string\"}}],\"inLanguage\":\"fr-FR\"},{\"@type\":[\"Person\",\"Organization\"],\"@id\":\"https:\\\/\\\/camillemarty-naturopathie.fr\\\/#\\\/schema\\\/person\\\/32fd0619b2d93ef899141f8c658e5f56\",\"name\":\"admin2711\",\"image\":{\"@type\":\"ImageObject\",\"inLanguage\":\"fr-FR\",\"@id\":\"https:\\\/\\\/camillemarty-naturopathie.fr\\\/wp-content\\\/uploads\\\/2022\\\/12\\\/couleurs.png\",\"url\":\"https:\\\/\\\/camillemarty-naturopathie.fr\\\/wp-content\\\/uploads\\\/2022\\\/12\\\/couleurs.png\",\"contentUrl\":\"https:\\\/\\\/camillemarty-naturopathie.fr\\\/wp-content\\\/uploads\\\/2022\\\/12\\\/couleurs.png\",\"width\":4442,\"height\":1216,\"caption\":\"admin2711\"},\"logo\":{\"@id\":\"https:\\\/\\\/camillemarty-naturopathie.fr\\\/wp-content\\\/uploads\\\/2022\\\/12\\\/couleurs.png\"},\"sameAs\":[\"http:\\\/\\\/camillemarty-naturopathie.fr\"]}]}<\/script>\n<!-- \/ Yoast SEO plugin. -->","yoast_head_json":{"title":"Mentions l\u00e9gales - Camille Marty Naturopathie","description":"Mentions l\u00e9gales Camille Marty Naturopathie, naturopathe sur Millau","robots":{"index":"index","follow":"follow","max-snippet":"max-snippet:-1","max-image-preview":"max-image-preview:large","max-video-preview":"max-video-preview:-1"},"canonical":"https:\/\/camillemarty-naturopathie.fr\/index.php\/mentions-legales\/","og_locale":"fr_FR","og_type":"article","og_title":"Mentions l\u00e9gales - Camille Marty Naturopathie","og_description":"Mentions l\u00e9gales Camille Marty Naturopathie, naturopathe sur Millau","og_url":"https:\/\/camillemarty-naturopathie.fr\/index.php\/mentions-legales\/","og_site_name":"Camille Marty Naturopathie","article_modified_time":"2024-05-20T14:59:53+00:00","twitter_card":"summary_large_image","twitter_misc":{"Dur\u00e9e de lecture estim\u00e9e":"1 minute"},"schema":{"@context":"https:\/\/schema.org","@graph":[{"@type":"WebPage","@id":"https:\/\/camillemarty-naturopathie.fr\/index.php\/mentions-legales\/","url":"https:\/\/camillemarty-naturopathie.fr\/index.php\/mentions-legales\/","name":"Mentions l\u00e9gales - Camille Marty Naturopathie","isPartOf":{"@id":"https:\/\/camillemarty-naturopathie.fr\/#website"},"datePublished":"2023-01-20T10:19:27+00:00","dateModified":"2024-05-20T14:59:53+00:00","description":"Mentions l\u00e9gales Camille Marty Naturopathie, naturopathe sur Millau","breadcrumb":{"@id":"https:\/\/camillemarty-naturopathie.fr\/index.php\/mentions-legales\/#breadcrumb"},"inLanguage":"fr-FR","potentialAction":[{"@type":"ReadAction","target":["https:\/\/camillemarty-naturopathie.fr\/index.php\/mentions-legales\/"]}]},{"@type":"BreadcrumbList","@id":"https:\/\/camillemarty-naturopathie.fr\/index.php\/mentions-legales\/#breadcrumb","itemListElement":[{"@type":"ListItem","position":1,"name":"Accueil","item":"https:\/\/camillemarty-naturopathie.fr\/"},{"@type":"ListItem","position":2,"name":"Mentions l\u00e9gales"}]},{"@type":"WebSite","@id":"https:\/\/camillemarty-naturopathie.fr\/#website","url":"https:\/\/camillemarty-naturopathie.fr\/","name":"Camille Marty Naturopathie","description":"Une alliance th\u00e9rapeutique pour votre bien-\u00eatre","publisher":{"@id":"https:\/\/camillemarty-naturopathie.fr\/#\/schema\/person\/32fd0619b2d93ef899141f8c658e5f56"},"potentialAction":[{"@type":"SearchAction","target":{"@type":"EntryPoint","urlTemplate":"https:\/\/camillemarty-naturopathie.fr\/?s={search_term_string}"},"query-input":{"@type":"PropertyValueSpecification","valueRequired":true,"valueName":"search_term_string"}}],"inLanguage":"fr-FR"},{"@type":["Person","Organization"],"@id":"https:\/\/camillemarty-naturopathie.fr\/#\/schema\/person\/32fd0619b2d93ef899141f8c658e5f56","name":"admin2711","image":{"@type":"ImageObject","inLanguage":"fr-FR","@id":"https:\/\/camillemarty-naturopathie.fr\/wp-content\/uploads\/2022\/12\/couleurs.png","url":"https:\/\/camillemarty-naturopathie.fr\/wp-content\/uploads\/2022\/12\/couleurs.png","contentUrl":"https:\/\/camillemarty-naturopathie.fr\/wp-content\/uploads\/2022\/12\/couleurs.png","width":4442,"height":1216,"caption":"admin2711"},"logo":{"@id":"https:\/\/camillemarty-naturopathie.fr\/wp-content\/uploads\/2022\/12\/couleurs.png"},"sameAs":["http:\/\/camillemarty-naturopathie.fr"]}]}},"featured_media_urls":[],"_links":{"self":[{"href":"https:\/\/camillemarty-naturopathie.fr\/index.php\/wp-json\/wp\/v2\/pages\/2981","targetHints":{"allow":["GET"]}}],"collection":[{"href":"https:\/\/camillemarty-naturopathie.fr\/index.php\/wp-json\/wp\/v2\/pages"}],"about":[{"href":"https:\/\/camillemarty-naturopathie.fr\/index.php\/wp-json\/wp\/v2\/types\/page"}],"author":[{"embeddable":true,"href":"https:\/\/camillemarty-naturopathie.fr\/index.php\/wp-json\/wp\/v2\/users\/2"}],"replies":[{"embeddable":true,"href":"https:\/\/camillemarty-naturopathie.fr\/index.php\/wp-json\/wp\/v2\/comments?post=2981"}],"version-history":[{"count":10,"href":"https:\/\/camillemarty-naturopathie.fr\/index.php\/wp-json\/wp\/v2\/pages\/2981\/revisions"}],"predecessor-version":[{"id":3198,"href":"https:\/\/camillemarty-naturopathie.fr\/index.php\/wp-json\/wp\/v2\/pages\/2981\/revisions\/3198"}],"wp:attachment":[{"href":"https:\/\/camillemarty-naturopathie.fr\/index.php\/wp-json\/wp\/v2\/media?parent=2981"}],"curies":[{"name":"wp","href":"https:\/\/api.w.org\/{rel}","templated":true}]}}